{"id":637,"date":"2022-08-30T15:16:13","date_gmt":"2022-08-30T14:16:13","guid":{"rendered":"https:\/\/burger.bigagency.pt\/?post_type=product&#038;p=637"},"modified":"2022-08-30T15:59:27","modified_gmt":"2022-08-30T14:59:27","slug":"the-crunchy","status":"publish","type":"product","link":"https:\/\/burger.bigagency.pt\/index.php\/produto\/the-crunchy\/","title":{"rendered":"The Crunchy"},"content":{"rendered":"<p>Uma explos\u00e3o de sensa\u00e7\u00f5es! O Crunchy vai mexer com todos os seus sentidos a reunir hamb\u00farguer bovino, queijo, cebola crua e crocante de bacon. Nunca vai provar outro igual.<\/p>\n","protected":false},"excerpt":{"rendered":"<p>Uma explos\u00e3o de sensa\u00e7\u00f5es! O Crunchy vai mexer com todos os seus sentidos a reunir hamb\u00farguer bovino, queijo, cebola crua e crocante de bacon. Nunca vai provar outro igual.<\/p>\n","protected":false},"featured_media":641,"comment_status":"open","ping_status":"closed","template":"","meta":[],"product_cat":[24],"product_tag":[],"_links":{"self":[{"href":"https:\/\/burger.bigagency.pt\/index.php\/wp-json\/wp\/v2\/product\/637"}],"collection":[{"href":"https:\/\/burger.bigagency.pt\/index.php\/wp-json\/wp\/v2\/product"}],"about":[{"href":"https:\/\/burger.bigagency.pt\/index.php\/wp-json\/wp\/v2\/types\/product"}],"replies":[{"embeddable":true,"href":"https:\/\/burger.bigagency.pt\/index.php\/wp-json\/wp\/v2\/comments?post=637"}],"wp:featuredmedia":[{"embeddable":true,"href":"https:\/\/burger.bigagency.pt\/index.php\/wp-json\/wp\/v2\/media\/641"}],"wp:attachment":[{"href":"https:\/\/burger.bigagency.pt\/index.php\/wp-json\/wp\/v2\/media?parent=637"}],"wp:term":[{"taxonomy":"product_cat","embeddable":true,"href":"https:\/\/burger.bigagency.pt\/index.php\/wp-json\/wp\/v2\/product_cat?post=637"},{"taxonomy":"product_tag","embeddable":true,"href":"https:\/\/burger.bigagency.pt\/index.php\/wp-json\/wp\/v2\/product_tag?post=637"}],"curies":[{"name":"wp","href":"https:\/\/api.w.org\/{rel}","templated":true}]}}