{"id":631,"date":"2022-08-30T14:56:57","date_gmt":"2022-08-30T13:56:57","guid":{"rendered":"https:\/\/burger.bigagency.pt\/?post_type=product&#038;p=631"},"modified":"2022-09-01T15:15:14","modified_gmt":"2022-09-01T14:15:14","slug":"the-classic-cheeseburger-double-carne","status":"publish","type":"product","link":"https:\/\/burger.bigagency.pt\/index.php\/produto\/the-classic-cheeseburger-double-carne\/","title":{"rendered":"The Classic Cheeseburger Double Carne"},"content":{"rendered":"<p>O Cheese Burger foi elaborado a pensar nos amantes de queijo. Ele \u00e9 composto de p\u00e3o, beef burger, bacon, ketchup e mostarda, \u00e0 moda da casa<\/p>\n","protected":false},"excerpt":{"rendered":"<p>O Cheese Burger foi elaborado a pensar nos amantes de queijo. Ele \u00e9 composto de p\u00e3o, beef burger, bacon, ketchup e mostarda, \u00e0 moda da casa<\/p>\n","protected":false},"featured_media":645,"comment_status":"open","ping_status":"closed","template":"","meta":[],"product_cat":[24],"product_tag":[],"_links":{"self":[{"href":"https:\/\/burger.bigagency.pt\/index.php\/wp-json\/wp\/v2\/product\/631"}],"collection":[{"href":"https:\/\/burger.bigagency.pt\/index.php\/wp-json\/wp\/v2\/product"}],"about":[{"href":"https:\/\/burger.bigagency.pt\/index.php\/wp-json\/wp\/v2\/types\/product"}],"replies":[{"embeddable":true,"href":"https:\/\/burger.bigagency.pt\/index.php\/wp-json\/wp\/v2\/comments?post=631"}],"wp:featuredmedia":[{"embeddable":true,"href":"https:\/\/burger.bigagency.pt\/index.php\/wp-json\/wp\/v2\/media\/645"}],"wp:attachment":[{"href":"https:\/\/burger.bigagency.pt\/index.php\/wp-json\/wp\/v2\/media?parent=631"}],"wp:term":[{"taxonomy":"product_cat","embeddable":true,"href":"https:\/\/burger.bigagency.pt\/index.php\/wp-json\/wp\/v2\/product_cat?post=631"},{"taxonomy":"product_tag","embeddable":true,"href":"https:\/\/burger.bigagency.pt\/index.php\/wp-json\/wp\/v2\/product_tag?post=631"}],"curies":[{"name":"wp","href":"https:\/\/api.w.org\/{rel}","templated":true}]}}